{"id":41,"date":"2023-07-16T16:48:40","date_gmt":"2023-07-16T14:48:40","guid":{"rendered":"https:\/\/www.statek-uprostred.cz\/?page_id=41"},"modified":"2023-10-09T21:19:27","modified_gmt":"2023-10-09T19:19:27","slug":"aktuality","status":"publish","type":"page","link":"https:\/\/www.statek-uprostred.cz\/","title":{"rendered":"Aktuality"},"content":{"rendered":"<div class='pt-cv-wrapper'> <div class=\"pt-cv-view pt-cv-blockgrid iscvblock iscvreal list1 layout1 cveffect-zoomin\" id=\"pt-cv-view-6grz50pu\"><div data-id=\"pt-cv-page-1\" class=\"pt-cv-page\" data-cvc=\"1\"><div class=\" pt-cv-content-item pt-cv-2-col\" ><div class=\"pt-cv-thumb-wrapper pull-left \"><a href=\"https:\/\/www.statek-uprostred.cz\/index.php\/leden-az-srpen-2025-fotogalerie\/5034\/\" class=\"_self pt-cv-href-thumbnail pt-cv-thumb-left\" target=\"_self\" ><img loading=\"lazy\" decoding=\"async\" width=\"768\" height=\"579\" src=\"https:\/\/www.statek-uprostred.cz\/wp-content\/uploads\/2026\/03\/IMG_20250727_180620-768x579.jpg\" class=\"pt-cv-thumbnail pull-left\" alt=\"\" \/><\/a><\/div>\n<div class=\"pt-cv-colwrap\"><h2 class=\"pt-cv-title\"><a href=\"https:\/\/www.statek-uprostred.cz\/index.php\/leden-az-srpen-2025-fotogalerie\/5034\/\" class=\"_self\" target=\"_self\" >Leden a\u017e srpen 2025: Fotogalerie<\/a><\/h2><div class=\"pt-cv-content\">Fotoalbum leden a\u017e srpen 2025. Co jsme d\u011blali, kdo tu byl, jak vypadala tento rok p\u0159\u00edroda. Do alba jsem dala tentokr\u00e1t hodn\u011b fotek s kocourem Frodem, p\u00e1nem a hl\u00edda\u010dem statku, proto\u017ee to byl jeho posledn\u00ed rok. V srpnu um\u0159el &#8230;<\/div><div class=\"pt-cv-rmwrap\"><a href=\"https:\/\/www.statek-uprostred.cz\/index.php\/leden-az-srpen-2025-fotogalerie\/5034\/\" class=\"_self pt-cv-readmore btn btn-success\" target=\"_self\" >V\u00edce&#8230;<\/a><\/div><div class=\"pt-cv-meta-fields\"><span class=\"entry-date\"> <time datetime=\"2026-03-23T10:00:59+01:00\">23. 3. 2026<\/time><\/span><span> | <\/span><span class=\"terms\"> <a href='https:\/\/www.statek-uprostred.cz\/index.php\/category\/aktuality\/' title='Aktuality' class='pt-cv-tax-aktuality'>Aktuality<\/a>, <a href='https:\/\/www.statek-uprostred.cz\/index.php\/category\/galerie\/' title='Galerie' class='pt-cv-tax-galerie'>Galerie<\/a><\/span><\/div><\/div><\/div>\n<div class=\" pt-cv-content-item pt-cv-2-col\" ><div class=\"pt-cv-thumb-wrapper pull-left \"><a href=\"https:\/\/www.statek-uprostred.cz\/index.php\/kronika-2025-tvurci-pobyty-a-skupinove-akce\/4927\/\" class=\"_self pt-cv-href-thumbnail pt-cv-thumb-left\" target=\"_self\" ><img loading=\"lazy\" decoding=\"async\" width=\"768\" height=\"579\" src=\"https:\/\/www.statek-uprostred.cz\/wp-content\/uploads\/2026\/03\/IMG_20250717_121902-768x579.jpg\" class=\"pt-cv-thumbnail pull-left\" alt=\"\" \/><\/a><\/div>\n<div class=\"pt-cv-colwrap\"><h2 class=\"pt-cv-title\"><a href=\"https:\/\/www.statek-uprostred.cz\/index.php\/kronika-2025-tvurci-pobyty-a-skupinove-akce\/4927\/\" class=\"_self\" target=\"_self\" >Kronika 2025: Tv\u016fr\u010d\u00ed pobyty a skupinov\u00e9 akce<\/a><\/h2><div class=\"pt-cv-content\">Zde je p\u0159ehled v\u0161ech skupinov\u00fdch akc\u00ed a tv\u016fr\u010d\u00edch pobyt\u016f za rok 2025. A tak\u00e9 p\u00e1r osobn\u00edch z\u00e1pis\u016f o Frodovi, proto\u017ee to byl jeho posledn\u00ed rok &#8230;<\/div><div class=\"pt-cv-rmwrap\"><a href=\"https:\/\/www.statek-uprostred.cz\/index.php\/kronika-2025-tvurci-pobyty-a-skupinove-akce\/4927\/\" class=\"_self pt-cv-readmore btn btn-success\" target=\"_self\" >V\u00edce&#8230;<\/a><\/div><div class=\"pt-cv-meta-fields\"><span class=\"entry-date\"> <time datetime=\"2026-03-23T09:58:02+01:00\">23. 3. 2026<\/time><\/span><span> | <\/span><span class=\"terms\"> <a href='https:\/\/www.statek-uprostred.cz\/index.php\/category\/akce\/' title='Akce' class='pt-cv-tax-akce'>Akce<\/a>, <a href='https:\/\/www.statek-uprostred.cz\/index.php\/category\/aktuality\/' title='Aktuality' class='pt-cv-tax-aktuality'>Aktuality<\/a>, <a href='https:\/\/www.statek-uprostred.cz\/index.php\/category\/nezarazene\/' title='Neza\u0159azen\u00e9' class='pt-cv-tax-nezarazene'>Neza\u0159azen\u00e9<\/a><\/span><\/div><\/div><\/div>\n<div class=\" pt-cv-content-item pt-cv-2-col\" ><div class=\"pt-cv-thumb-wrapper pull-left \"><a href=\"https:\/\/www.statek-uprostred.cz\/index.php\/prehled-prace-2025\/4683\/\" class=\"_self pt-cv-href-thumbnail pt-cv-thumb-left\" target=\"_self\" ><img loading=\"lazy\" decoding=\"async\" width=\"768\" height=\"579\" src=\"https:\/\/www.statek-uprostred.cz\/wp-content\/uploads\/2026\/03\/IMG_20251226_145332-768x579.jpg\" class=\"pt-cv-thumbnail pull-left\" alt=\"\" \/><\/a><\/div>\n<div class=\"pt-cv-colwrap\"><h2 class=\"pt-cv-title\"><a href=\"https:\/\/www.statek-uprostred.cz\/index.php\/prehled-prace-2025\/4683\/\" class=\"_self\" target=\"_self\" >P\u0159ehled pr\u00e1ce 2025: \u0160t\u00edt a okna stodoly<\/a><\/h2><div class=\"pt-cv-content\">V roce 2025 se pracovalo hlavn\u011b na stodole, to je te\u010f na\u0161e stavba \u010d\u00edslo jedna a moc si j\u00ed v\u00e1\u017e\u00edme a radujeme se n\u00ed tak n\u011bjak \u010d\u00edm d\u00e1l v\u00edc. Krov je hotov\u00fd z minul\u00e9ho roku, tento rok pracoval Zbyn\u011bk a pomocn\u00edci na \u0161t\u00edtech a usazovaly se prvn\u00ed okna. &#8212; Franti\u0161ka tak\u00e9 dokon\u010dila om\u00edtku do dvora, to byl velk\u00fd nedod\u011blek minul\u00fdch let &#8230;<\/div><div class=\"pt-cv-rmwrap\"><a href=\"https:\/\/www.statek-uprostred.cz\/index.php\/prehled-prace-2025\/4683\/\" class=\"_self pt-cv-readmore btn btn-success\" target=\"_self\" >V\u00edce&#8230;<\/a><\/div><div class=\"pt-cv-meta-fields\"><span class=\"entry-date\"> <time datetime=\"2026-03-19T22:41:57+01:00\">19. 3. 2026<\/time><\/span><span> | <\/span><span class=\"terms\"> <a href='https:\/\/www.statek-uprostred.cz\/index.php\/category\/aktuality\/' title='Aktuality' class='pt-cv-tax-aktuality'>Aktuality<\/a>, <a href='https:\/\/www.statek-uprostred.cz\/index.php\/category\/opravy\/' title='Opravy' class='pt-cv-tax-opravy'>Opravy<\/a><\/span><\/div><\/div><\/div>\n<div class=\" pt-cv-content-item pt-cv-2-col\" ><div class=\"pt-cv-thumb-wrapper pull-left \"><a href=\"https:\/\/www.statek-uprostred.cz\/index.php\/magoruv-archiv-na-statku-vyzva-k-posilani-nahravek\/4702\/\" class=\"_self pt-cv-href-thumbnail pt-cv-thumb-left\" target=\"_self\" ><img loading=\"lazy\" decoding=\"async\" width=\"448\" height=\"448\" src=\"https:\/\/www.statek-uprostred.cz\/wp-content\/uploads\/2026\/02\/Jirous-holubi.jpg\" class=\"pt-cv-thumbnail pull-left\" alt=\"\" \/><\/a><\/div>\n<div class=\"pt-cv-colwrap\"><h2 class=\"pt-cv-title\"><a href=\"https:\/\/www.statek-uprostred.cz\/index.php\/magoruv-archiv-na-statku-vyzva-k-posilani-nahravek\/4702\/\" class=\"_self\" target=\"_self\" >Magor\u016fv archiv na statku: Jak to v \u00fanoru 2026 za\u010dalo<\/a><\/h2><div class=\"pt-cv-content\">Vyz\u00fdv\u00e1me k zas\u00edl\u00e1n\u00ed vide\u00ed a fotek s I. M. Jirousem pro archiv. &#8212; V \u00fanoru 2026 jsme zah\u00e1jili pr\u00e1ci na vytvo\u0159en\u00ed Jirousova (Magorova) archivu na statku. Z\u00e1kladem budou digitalizovan\u00e1 videa od Skal\u00e1ka p\u0159edev\u0161\u00edm z 90. let. Je tam nap\u0159\u00edklad Jirous s Allenem Ginsbergem, spousta nahr\u00e1vek z festival\u016f a dal\u0161\u00ed &#8230;<\/div><div class=\"pt-cv-rmwrap\"><a href=\"https:\/\/www.statek-uprostred.cz\/index.php\/magoruv-archiv-na-statku-vyzva-k-posilani-nahravek\/4702\/\" class=\"_self pt-cv-readmore btn btn-success\" target=\"_self\" >V\u00edce&#8230;<\/a><\/div><div class=\"pt-cv-meta-fields\"><span class=\"entry-date\"> <time datetime=\"2026-02-09T13:18:21+01:00\">9. 2. 2026<\/time><\/span><span> | <\/span><span class=\"terms\"> <a href='https:\/\/www.statek-uprostred.cz\/index.php\/category\/aktuality\/' title='Aktuality' class='pt-cv-tax-aktuality'>Aktuality<\/a>, <a href='https:\/\/www.statek-uprostred.cz\/index.php\/category\/archiv\/' title='Archiv' class='pt-cv-tax-archiv'>Archiv<\/a><\/span><\/div><\/div><\/div>\n<div class=\" pt-cv-content-item pt-cv-2-col\" ><div class=\"pt-cv-thumb-wrapper pull-left \"><a href=\"https:\/\/www.statek-uprostred.cz\/index.php\/zima-na-statku-leden-a-prosinec-2025\/4586\/\" class=\"_self pt-cv-href-thumbnail pt-cv-thumb-left\" target=\"_self\" ><img loading=\"lazy\" decoding=\"async\" width=\"768\" height=\"579\" src=\"https:\/\/www.statek-uprostred.cz\/wp-content\/uploads\/2026\/01\/IMG_20250122_141548-768x579.jpg\" class=\"pt-cv-thumbnail pull-left\" alt=\"\" \/><\/a><\/div>\n<div class=\"pt-cv-colwrap\"><h2 class=\"pt-cv-title\"><a href=\"https:\/\/www.statek-uprostred.cz\/index.php\/zima-na-statku-leden-a-prosinec-2025\/4586\/\" class=\"_self\" target=\"_self\" >Zima 2025\/2026 (a leden 2025)<\/a><\/h2><div class=\"pt-cv-content\">Na za\u010d\u00e1tku alba jsou pon\u011bkud nelogicky i fotky z ledna 2025, kdy bylo p\u00e1r \u00fapln\u011b p\u0159ekr\u00e1sn\u00fdch fotogenick\u00fdch dn\u016f, tak je d\u00e1m prost\u011b sem. Pak u\u017e n\u00e1sleduje z\u00e1v\u011br roku 2025, pr\u00e1ce na stodole a n\u011bco z V\u00e1noc &#8230;<\/div><div class=\"pt-cv-rmwrap\"><a href=\"https:\/\/www.statek-uprostred.cz\/index.php\/zima-na-statku-leden-a-prosinec-2025\/4586\/\" class=\"_self pt-cv-readmore btn btn-success\" target=\"_self\" >V\u00edce&#8230;<\/a><\/div><div class=\"pt-cv-meta-fields\"><span class=\"entry-date\"> <time datetime=\"2026-01-01T22:41:22+01:00\">1. 1. 2026<\/time><\/span><span> | <\/span><span class=\"terms\"> <a href='https:\/\/www.statek-uprostred.cz\/index.php\/category\/aktuality\/' title='Aktuality' class='pt-cv-tax-aktuality'>Aktuality<\/a>, <a href='https:\/\/www.statek-uprostred.cz\/index.php\/category\/galerie\/' title='Galerie' class='pt-cv-tax-galerie'>Galerie<\/a><\/span><\/div><\/div><\/div>\n<div class=\" pt-cv-content-item pt-cv-2-col\" ><div class=\"pt-cv-thumb-wrapper pull-left \"><a href=\"https:\/\/www.statek-uprostred.cz\/index.php\/podzim-2025-na-statku\/4227\/\" class=\"_self pt-cv-href-thumbnail pt-cv-thumb-left\" target=\"_self\" ><img loading=\"lazy\" decoding=\"async\" width=\"768\" height=\"579\" src=\"https:\/\/www.statek-uprostred.cz\/wp-content\/uploads\/2025\/10\/IMG_20251014_181823-768x579.jpg\" class=\"pt-cv-thumbnail pull-left\" alt=\"\" \/><\/a><\/div>\n<div class=\"pt-cv-colwrap\"><h2 class=\"pt-cv-title\"><a href=\"https:\/\/www.statek-uprostred.cz\/index.php\/podzim-2025-na-statku\/4227\/\" class=\"_self\" target=\"_self\" >Podzim 2025: Z\u00e1\u0159\u00ed\u2013listopad<\/a><\/h2><div class=\"pt-cv-content\">Co se d\u011blo na statku na podzim 2025: fotky z rekonstrukce stodoly a p\u016fdy, n\u00e1v\u0161t\u011bvy, Magorsk\u00fd pochod, tv\u016fr\u010d\u00ed pobyty, lekce j\u00f3gy, zahrada s nov\u00fdm k\u0159\u00ed\u017eem a zasn\u011b\u017een\u00e1 krajina &#8230;<\/div><div class=\"pt-cv-rmwrap\"><a href=\"https:\/\/www.statek-uprostred.cz\/index.php\/podzim-2025-na-statku\/4227\/\" class=\"_self pt-cv-readmore btn btn-success\" target=\"_self\" >V\u00edce&#8230;<\/a><\/div><div class=\"pt-cv-meta-fields\"><span class=\"entry-date\"> <time datetime=\"2025-11-01T23:54:20+01:00\">1. 11. 2025<\/time><\/span><span> | <\/span><span class=\"terms\"> <a href='https:\/\/www.statek-uprostred.cz\/index.php\/category\/aktuality\/' title='Aktuality' class='pt-cv-tax-aktuality'>Aktuality<\/a>, <a href='https:\/\/www.statek-uprostred.cz\/index.php\/category\/galerie\/' title='Galerie' class='pt-cv-tax-galerie'>Galerie<\/a><\/span><\/div><\/div><\/div>\n<div class=\" pt-cv-content-item pt-cv-2-col\" ><div class=\"pt-cv-thumb-wrapper pull-left \"><a href=\"https:\/\/www.statek-uprostred.cz\/index.php\/krajina-v-okoli-prostredniho-vydri\/4243\/\" class=\"_self pt-cv-href-thumbnail pt-cv-thumb-left\" target=\"_self\" ><img loading=\"lazy\" decoding=\"async\" width=\"768\" height=\"432\" src=\"https:\/\/www.statek-uprostred.cz\/wp-content\/uploads\/2025\/10\/20250511_194635-768x432.jpg\" class=\"pt-cv-thumbnail pull-left\" alt=\"\" \/><\/a><\/div>\n<div class=\"pt-cv-colwrap\"><h2 class=\"pt-cv-title\"><a href=\"https:\/\/www.statek-uprostred.cz\/index.php\/krajina-v-okoli-prostredniho-vydri\/4243\/\" class=\"_self\" target=\"_self\" >Krajina v okol\u00ed Prost\u0159edn\u00edho Vyd\u0159\u00ed<\/a><\/h2><div class=\"pt-cv-content\">Fotografie Vla\u010fky K\u0159\u00ed\u017eov\u00e9, kter\u00e1 jezd\u00ed na statek pravideln\u011b, zachycuj\u00ed poetickou kr\u00e1su krajiny v prom\u011bn\u00e1ch ro\u010dn\u00edch dob. &#8212; Okol\u00ed Prost\u0159edn\u00edho Vyd\u0159\u00ed, cesta do Kosteln\u00edho Vyd\u0159\u00ed i na sever do Zadn\u00edho Vyd\u0159\u00ed p\u0159es hranici Ji\u017en\u00edch \u010cech a Vyso\u010diny &#8230;<\/div><div class=\"pt-cv-rmwrap\"><a href=\"https:\/\/www.statek-uprostred.cz\/index.php\/krajina-v-okoli-prostredniho-vydri\/4243\/\" class=\"_self pt-cv-readmore btn btn-success\" target=\"_self\" >V\u00edce&#8230;<\/a><\/div><div class=\"pt-cv-meta-fields\"><span class=\"entry-date\"> <time datetime=\"2025-10-31T22:13:26+01:00\">31. 10. 2025<\/time><\/span><span> | <\/span><span class=\"terms\"> <a href='https:\/\/www.statek-uprostred.cz\/index.php\/category\/aktuality\/' title='Aktuality' class='pt-cv-tax-aktuality'>Aktuality<\/a>, <a href='https:\/\/www.statek-uprostred.cz\/index.php\/category\/galerie\/' title='Galerie' class='pt-cv-tax-galerie'>Galerie<\/a><\/span><\/div><\/div><\/div>\n<div class=\" pt-cv-content-item pt-cv-2-col\" ><div class=\"pt-cv-thumb-wrapper pull-left \"><a href=\"https:\/\/www.statek-uprostred.cz\/index.php\/astrodrama-pro-avu-srpen-2025\/4111\/\" class=\"_self pt-cv-href-thumbnail pt-cv-thumb-left\" target=\"_self\" ><img loading=\"lazy\" decoding=\"async\" width=\"768\" height=\"512\" src=\"https:\/\/www.statek-uprostred.cz\/wp-content\/uploads\/2025\/09\/DSC_1212-768x512.jpg\" class=\"pt-cv-thumbnail pull-left\" alt=\"\" \/><\/a><\/div>\n<div class=\"pt-cv-colwrap\"><h2 class=\"pt-cv-title\"><a href=\"https:\/\/www.statek-uprostred.cz\/index.php\/astrodrama-pro-avu-srpen-2025\/4111\/\" class=\"_self\" target=\"_self\" >Astrodrama pro AVU \u2013 srpen 2025. Fotogalerie<\/a><\/h2><div class=\"pt-cv-content\">Astrologick\u00e1 \u0161kola pro state\u010dn\u00e9 ve spolupr\u00e1ci s Akademi\u00ed v\u00fdtvarn\u00fdch um\u011bn\u00ed v Praze po\u0159\u00e1dala dal\u0161\u00ed Astrodrama na statku. Tentokr\u00e1t vznikly d\u00edky Edit\u011b Kainrathov\u00e9, fotografce, kameramance a \u00fa\u010dastnici, skv\u011bl\u00e9 fotky &#8230;<\/div><div class=\"pt-cv-rmwrap\"><a href=\"https:\/\/www.statek-uprostred.cz\/index.php\/astrodrama-pro-avu-srpen-2025\/4111\/\" class=\"_self pt-cv-readmore btn btn-success\" target=\"_self\" >V\u00edce&#8230;<\/a><\/div><div class=\"pt-cv-meta-fields\"><span class=\"entry-date\"> <time datetime=\"2025-09-12T10:49:09+02:00\">12. 9. 2025<\/time><\/span><span> | <\/span><span class=\"terms\"> <a href='https:\/\/www.statek-uprostred.cz\/index.php\/category\/aktuality\/' title='Aktuality' class='pt-cv-tax-aktuality'>Aktuality<\/a>, <a href='https:\/\/www.statek-uprostred.cz\/index.php\/category\/galerie\/' title='Galerie' class='pt-cv-tax-galerie'>Galerie<\/a><\/span><\/div><\/div><\/div>\n<div class=\" pt-cv-content-item pt-cv-2-col\" ><div class=\"pt-cv-thumb-wrapper pull-left \"><a href=\"https:\/\/www.statek-uprostred.cz\/index.php\/pozvanka-na-astrodrama-1-6-cervence-2025\/3934\/\" class=\"_self pt-cv-href-thumbnail pt-cv-thumb-left\" target=\"_self\" ><img loading=\"lazy\" decoding=\"async\" width=\"768\" height=\"1365\" src=\"https:\/\/www.statek-uprostred.cz\/wp-content\/uploads\/2025\/05\/astrodrama-2025-768x1365.jpg\" class=\"pt-cv-thumbnail pull-left\" alt=\"\" \/><\/a><\/div>\n<div class=\"pt-cv-colwrap\"><h2 class=\"pt-cv-title\"><a href=\"https:\/\/www.statek-uprostred.cz\/index.php\/pozvanka-na-astrodrama-1-6-cervence-2025\/3934\/\" class=\"_self\" target=\"_self\" >Pozv\u00e1nka na Astrodrama. 1.\u20136. \u010dervence 2025 (ro\u010dn\u00edk 2026 p\u0159ipravujeme, vy\u010dkejte&#8230;)<\/a><\/h2><div class=\"pt-cv-content\">Prvn\u00ed \u010dervencov\u00fd t\u00fdden op\u011bt po\u0159\u00e1d\u00e1 Astrologick\u00e1 \u0161kola pro state\u010dn\u00e9 na statku Astrodrama. M\u00e1me je\u0161t\u011b voln\u00e1 m\u00edsta. Astrodrama je speci\u00e1ln\u00ed technika op\u00edraj\u00edc\u00ed se o kombinaci dramaterapie v mask\u00e1ch a o astrologick\u00e9 metafory &#8230;<\/div><div class=\"pt-cv-rmwrap\"><a href=\"https:\/\/www.statek-uprostred.cz\/index.php\/pozvanka-na-astrodrama-1-6-cervence-2025\/3934\/\" class=\"_self pt-cv-readmore btn btn-success\" target=\"_self\" >V\u00edce&#8230;<\/a><\/div><div class=\"pt-cv-meta-fields\"><span class=\"entry-date\"> <time datetime=\"2025-08-01T13:27:07+02:00\">1. 8. 2025<\/time><\/span><span> | <\/span><span class=\"terms\"> <a href='https:\/\/www.statek-uprostred.cz\/index.php\/category\/akce\/' title='Akce' class='pt-cv-tax-akce'>Akce<\/a>, <a href='https:\/\/www.statek-uprostred.cz\/index.php\/category\/aktuality\/' title='Aktuality' class='pt-cv-tax-aktuality'>Aktuality<\/a><\/span><\/div><\/div><\/div>\n<div class=\" pt-cv-content-item pt-cv-2-col\" ><div class=\"pt-cv-thumb-wrapper pull-left \"><a href=\"https:\/\/www.statek-uprostred.cz\/index.php\/astrodrama-cervenec-2025-fotogalerie\/4016\/\" class=\"_self pt-cv-href-thumbnail pt-cv-thumb-left\" target=\"_self\" ><img loading=\"lazy\" decoding=\"async\" width=\"632\" height=\"839\" src=\"https:\/\/www.statek-uprostred.cz\/wp-content\/uploads\/2025\/07\/IMG_20250702_152331.jpg\" class=\"pt-cv-thumbnail pull-left\" alt=\"\" \/><\/a><\/div>\n<div class=\"pt-cv-colwrap\"><h2 class=\"pt-cv-title\"><a href=\"https:\/\/www.statek-uprostred.cz\/index.php\/astrodrama-cervenec-2025-fotogalerie\/4016\/\" class=\"_self\" target=\"_self\" >Astrodrama \u010dervenec 2025. Fotogalerie<\/a><\/h2><div class=\"pt-cv-content\">Prvn\u00ed t\u00fdden v \u010dervenci (1.-6.) se na statku konalo ji\u017e druh\u00e9 Astrodrama. Je to akce Astrologick\u00e9 \u0161koly pro state\u010dn\u00e9 a takov\u00fd vrchol l\u00e9ta. Astrodrama je technika kombinuj\u00edc\u00ed dramaterapii v mask\u00e1ch a pro\u017eitek astrologick\u00fdch symbol\u016f na vlastn\u00ed k\u016f\u017ei. Tentokr\u00e1t n\u00e1s bylo celkem 15. Program vedli Martina Luk\u00e1\u0161kov\u00e1 (autorka metody), Janka Vale\u010dkov\u00e1 a Franti\u0161ka Jirousov\u00e1. Hudebn\u00ed doprovod na theremin m\u011bl op\u011bt V\u00edt Klou\u010dek. \u00da\u010dastn\u00edci rozehr\u00e1vaj\u00ed vztahy &#8230;<\/div><div class=\"pt-cv-rmwrap\"><a href=\"https:\/\/www.statek-uprostred.cz\/index.php\/astrodrama-cervenec-2025-fotogalerie\/4016\/\" class=\"_self pt-cv-readmore btn btn-success\" target=\"_self\" >V\u00edce&#8230;<\/a><\/div><div class=\"pt-cv-meta-fields\"><span class=\"entry-date\"> <time datetime=\"2025-07-09T16:42:42+02:00\">9. 7. 2025<\/time><\/span><span> | <\/span><span class=\"terms\"> <a href='https:\/\/www.statek-uprostred.cz\/index.php\/category\/aktuality\/' title='Aktuality' class='pt-cv-tax-aktuality'>Aktuality<\/a>, <a href='https:\/\/www.statek-uprostred.cz\/index.php\/category\/galerie\/' title='Galerie' class='pt-cv-tax-galerie'>Galerie<\/a><\/span><\/div><\/div><\/div><\/div><\/div>\n<div class=\" pt-cv-pagination-wrapper\"><ul class=\"pt-cv-pagination pt-cv-normal pagination\" data-totalpages=\"2\" data-currentpage=\"1\" data-sid=\"6grz50pu\" data-unid=\"\" data-isblock=\"list1\" data-postid=\"0\"><li class=\"active\"><a href=\"#\">1<\/a><\/li>\n\t<li ><a class=\"\" href=\"https:\/\/www.statek-uprostred.cz\/index.php\/wp-json\/wp\/v2\/pages\/41\/?_page=2\">2<\/a><\/li>\n\t<li ><a class=\" \" href=\"https:\/\/www.statek-uprostred.cz\/index.php\/wp-json\/wp\/v2\/pages\/41\/?_page=2\">&rsaquo;<\/a><\/li>\n\t<\/ul><img loading=\"lazy\" decoding=\"async\" width=\"15\" height=\"15\" class=\"pt-cv-spinner\" alt=\"Loading...\" src=\"data:image\/gif;base64,R0lGODlhDwAPALMPAMrKygwMDJOTkz09PZWVla+vr3p6euTk5M7OzuXl5TMzMwAAAJmZmWZmZszMzP\/\/\/yH\/C05FVFNDQVBFMi4wAwEAAAAh+QQFCgAPACwAAAAADwAPAAAEQvDJaZaZOIcV8iQK8VRX4iTYoAwZ4iCYoAjZ4RxejhVNoT+mRGP4cyF4Pp0N98sBGIBMEMOotl6YZ3S61Bmbkm4mAgAh+QQFCgAPACwAAAAADQANAAAENPDJSRSZeA418itN8QiK8BiLITVsFiyBBIoYqnoewAD4xPw9iY4XLGYSjkQR4UAUD45DLwIAIfkEBQoADwAsAAAAAA8ACQAABC\/wyVlamTi3nSdgwFNdhEJgTJoNyoB9ISYoQmdjiZPcj7EYCAeCF1gEDo4Dz2eIAAAh+QQFCgAPACwCAAAADQANAAAEM\/DJBxiYeLKdX3IJZT1FU0iIg2RNKx3OkZVnZ98ToRD4MyiDnkAh6BkNC0MvsAj0kMpHBAAh+QQFCgAPACwGAAAACQAPAAAEMDC59KpFDll73HkAA2wVY5KgiK5b0RRoI6MuzG6EQqCDMlSGheEhUAgqgUUAFRySIgAh+QQFCgAPACwCAAIADQANAAAEM\/DJKZNLND\/kkKaHc3xk+QAMYDKsiaqmZCxGVjSFFCxB1vwy2oOgIDxuucxAMTAJFAJNBAAh+QQFCgAPACwAAAYADwAJAAAEMNAs86q1yaWwwv2Ig0jUZx3OYa4XoRAfwADXoAwfo1+CIjyFRuEho60aSNYlOPxEAAAh+QQFCgAPACwAAAIADQANAAAENPA9s4y8+IUVcqaWJ4qEQozSoAzoIyhCK2NFU2SJk0hNnyEOhKR2AzAAj4Pj4GE4W0bkJQIAOw==\" \/><div class=\"clear pt-cv-clear-pagination\"><\/div><\/div> <\/div> <style>\n\n#pt-cv-view-6grz50pu { margin: 0px 0px 30px 0px;padding: 0px 0px 0px 0px; }#pt-cv-view-6grz50pu .pt-cv-content-item { background-color: #3c6487ab;padding: 15px 15px 15px 15px; }#pt-cv-view-6grz50pu .pt-cv-meta-fields { margin: 3px 10px 0px 10px; }#pt-cv-view-6grz50pu .pt-cv-meta-fields * { color: #9da6c4;font-weight: 600;font-size: 16px; }#pt-cv-view-6grz50pu .pt-cv-thumb-wrapper:not(.miniwrap) { width: 31%; }#pt-cv-view-6grz50pu .pt-cv-thumbnail:not(.pt-cv-thumbnailsm) { height: 273px; }#pt-cv-view-6grz50pu .pt-cv-title a { display: block;margin: 5px 10px 10px 10px;padding: 0px 0px 0px 0px; }#pt-cv-view-6grz50pu .pt-cv-title:not(.pt-cv-titlesm) a { font-weight: 600;text-decoration: none;font-size: 25px; }#pt-cv-view-6grz50pu .pt-cv-titlesm a { font-weight: 600;font-size: 18px; }#pt-cv-view-6grz50pu .pt-cv-content { color: #efeff5;font-weight: 500;font-size: 19px;line-height: 27px;margin: 10px 10px 10px 10px; }#pt-cv-view-6grz50pu .pt-cv-rmwrap {  }#pt-cv-view-6grz50pu .pt-cv-readmore { color: #efeff5;background-color: #96a0c8;font-weight: 800;text-transform: normal;font-family: \"Asap\";font-size: 17px;margin: 10px 10px 10px 10px;padding: 2px 8px 3px 8px; }#pt-cv-view-6grz50pu .pt-cv-taxoterm {  }#pt-cv-view-6grz50pu .pt-cv-taxoterm * { color: #222;background-color: #fff6f6;font-size: 14px; }#pt-cv-view-6grz50pu + .pt-cv-pagination-wrapper {  }#pt-cv-view-6grz50pu + .pt-cv-pagination-wrapper a { color: #efeff5;background-color: #3c6487ab;border-style: none;font-size: 14px; }#pt-cv-view-6grz50pu + .pt-cv-pagination-wrapper .active a { background-color: #96a0c8; }#pt-cv-view-6grz50pu > .pt-cv-page {grid-template-columns: repeat(1, 1fr);grid-gap: 10px;}#pt-cv-view-6grz50pu .pt-cv-rmwrap:hover {  }#pt-cv-view-6grz50pu .pt-cv-readmore:hover { background-color: #c0cbf0; }#pt-cv-view-6grz50pu + .pt-cv-pagination-wrapper:hover {  }#pt-cv-view-6grz50pu + .pt-cv-pagination-wrapper a:hover { background-color: #c0cbf0; }\n@media all and (max-width: 1024px) { \n#pt-cv-view-6grz50pu > .pt-cv-page {grid-template-columns: repeat(1, 1fr);}\n} \n@media all and (max-width: 767px) { \n#pt-cv-view-6grz50pu .pt-cv-content { margin: 6px 6px 6px 6px; }#pt-cv-view-6grz50pu > .pt-cv-page {grid-template-columns: repeat(1, 1fr);}\n} <\/style><link href='\/\/fonts.googleapis.com\/css?family=Default' rel='stylesheet' type='text\/css'><link href='\/\/fonts.googleapis.com\/css?family=Asap' rel='stylesheet' type='text\/css'>\n\n\n<p><\/p>\n","protected":false},"excerpt":{"rendered":"","protected":false},"author":1,"featured_media":0,"parent":0,"menu_order":0,"comment_status":"closed","ping_status":"closed","template":"","meta":{"_kad_post_transparent":"","_kad_post_title":"hide","_kad_post_layout":"default","_kad_post_sidebar_id":"","_kad_post_content_style":"unboxed","_kad_post_vertical_padding":"default","_kad_post_feature":"","_kad_post_feature_position":"","_kad_post_header":false,"_kad_post_footer":false,"_kad_post_classname":"","footnotes":""},"class_list":["post-41","page","type-page","status-publish","hentry"],"_links":{"self":[{"href":"https:\/\/www.statek-uprostred.cz\/index.php\/wp-json\/wp\/v2\/pages\/41","targetHints":{"allow":["GET"]}}],"collection":[{"href":"https:\/\/www.statek-uprostred.cz\/index.php\/wp-json\/wp\/v2\/pages"}],"about":[{"href":"https:\/\/www.statek-uprostred.cz\/index.php\/wp-json\/wp\/v2\/types\/page"}],"author":[{"embeddable":true,"href":"https:\/\/www.statek-uprostred.cz\/index.php\/wp-json\/wp\/v2\/users\/1"}],"replies":[{"embeddable":true,"href":"https:\/\/www.statek-uprostred.cz\/index.php\/wp-json\/wp\/v2\/comments?post=41"}],"version-history":[{"count":58,"href":"https:\/\/www.statek-uprostred.cz\/index.php\/wp-json\/wp\/v2\/pages\/41\/revisions"}],"predecessor-version":[{"id":2773,"href":"https:\/\/www.statek-uprostred.cz\/index.php\/wp-json\/wp\/v2\/pages\/41\/revisions\/2773"}],"wp:attachment":[{"href":"https:\/\/www.statek-uprostred.cz\/index.php\/wp-json\/wp\/v2\/media?parent=41"}],"curies":[{"name":"wp","href":"https:\/\/api.w.org\/{rel}","templated":true}]}}